{"id":944,"date":"2019-09-04T18:02:45","date_gmt":"2019-09-04T18:02:45","guid":{"rendered":"https:\/\/soluciondigitaldelbajio.com.mx\/site\/?post_type=product&#038;p=944"},"modified":"2019-09-04T18:02:45","modified_gmt":"2019-09-04T18:02:45","slug":"kyocera-ecosys-m4132idn","status":"publish","type":"product","link":"https:\/\/soluciondigitaldelbajio.com.mx\/site\/product\/kyocera-ecosys-m4132idn\/","title":{"rendered":"Kyocera ECOSYS M4132idn"},"content":{"rendered":"<ul>\n<li>Hasta 32\/17 p\u00e1ginas por minuto en A4\/A3<\/li>\n<li>Altamente productiva, impresi\u00f3n profesional, copiadora, esc\u00e1ner y funcionalidad fax opcional<\/li>\n<li>F\u00e1cil uso gracias a su pantalla t\u00e1ctil a todo color de 7 pulgadas<\/li>\n<li>Bajo consumo de energ\u00eda<\/li>\n<li>Altamente fiable gracias a sus componentes de larga duraci\u00f3n<\/li>\n<li>Plataforma de soluciones HyPAS capaz de ejecutar aplicaciones de gesti\u00f3n de la impresi\u00f3n<\/li>\n<\/ul>\n","protected":false},"excerpt":{"rendered":"<p>Producto multifuncional monocrom\u00e1tico A4 \/ A3 con 32 p\u00e1ginas por minuto de eficiencia (A4) para peque\u00f1as oficinas y grupos de trabajo que buscan una soluci\u00f3n con funcionalidad, facilidad de uso y tama\u00f1o compacto.<\/p>\n","protected":false},"featured_media":945,"comment_status":"open","ping_status":"closed","template":"","meta":[],"product_cat":[7,9],"product_tag":[],"class_list":{"0":"post-944","1":"product","2":"type-product","3":"status-publish","4":"has-post-thumbnail","6":"product_cat-copiadoras-impresoras-escaners-multifuncionals-san-luis-potosi","7":"product_cat-multifuncionales-bn","9":"first","10":"instock","11":"shipping-taxable","12":"product-type-simple"},"aioseo_notices":[],"_links":{"self":[{"href":"https:\/\/soluciondigitaldelbajio.com.mx\/site\/wp-json\/wp\/v2\/product\/944","targetHints":{"allow":["GET"]}}],"collection":[{"href":"https:\/\/soluciondigitaldelbajio.com.mx\/site\/wp-json\/wp\/v2\/product"}],"about":[{"href":"https:\/\/soluciondigitaldelbajio.com.mx\/site\/wp-json\/wp\/v2\/types\/product"}],"replies":[{"embeddable":true,"href":"https:\/\/soluciondigitaldelbajio.com.mx\/site\/wp-json\/wp\/v2\/comments?post=944"}],"wp:featuredmedia":[{"embeddable":true,"href":"https:\/\/soluciondigitaldelbajio.com.mx\/site\/wp-json\/wp\/v2\/media\/945"}],"wp:attachment":[{"href":"https:\/\/soluciondigitaldelbajio.com.mx\/site\/wp-json\/wp\/v2\/media?parent=944"}],"wp:term":[{"taxonomy":"product_cat","embeddable":true,"href":"https:\/\/soluciondigitaldelbajio.com.mx\/site\/wp-json\/wp\/v2\/product_cat?post=944"},{"taxonomy":"product_tag","embeddable":true,"href":"https:\/\/soluciondigitaldelbajio.com.mx\/site\/wp-json\/wp\/v2\/product_tag?post=944"}],"curies":[{"name":"wp","href":"https:\/\/api.w.org\/{rel}","templated":true}]}}