{"id":948,"date":"2019-09-04T18:14:41","date_gmt":"2019-09-04T18:14:41","guid":{"rendered":"https:\/\/soluciondigitaldelbajio.com.mx\/site\/?post_type=product&#038;p=948"},"modified":"2019-09-04T18:14:41","modified_gmt":"2019-09-04T18:14:41","slug":"kyocera-taskalfa-8002i","status":"publish","type":"product","link":"https:\/\/soluciondigitaldelbajio.com.mx\/site\/product\/kyocera-taskalfa-8002i\/","title":{"rendered":"Kyocera TASKalfa 8002i"},"content":{"rendered":"<ul>\n<li>Hasta 80 p\u00e1ginas por minuto en A4<\/li>\n<li>4,5 GB RAM, 8 GB SSD + 320 GB HDD de memoria y almacenamiento<\/li>\n<li>Resoluci\u00f3n de 1.200 x 1.200 ppp, con 2 bits de profundidad (equivalente a 4.800 x 1.200 ppp)<\/li>\n<li>Compatibilidad con las m\u00e1s novedosas tecnolog\u00edas en impresi\u00f3n m\u00f3vil, red de serie y esc\u00e1ner color de alta producci\u00f3n<\/li>\n<li>Opciones de finalizado que aumentan la productividad, incluido plegado en V y en C<\/li>\n<li>Funciones de seguridad avanzadas, incluido el lector de tarjetas IC<\/li>\n<li>Componentes de alta calidad que aseguran una eficiencia, confianza y rentabilidad excepcional<\/li>\n<\/ul>\n","protected":false},"excerpt":{"rendered":"<p>La <strong>TASKalfa 8002i<\/strong> es una MFP de alta velocidad que no dejar\u00e1 de sorprenderle: nos ofrece incre\u00edbles resultados en blanco y negro incluso a altas velocidades que beneficiar\u00e1 la productividad de su oficina de muchas maneras. Con su avanzada capacidad de papel de hasta 7,650 y su capacidad de salida de hasta 4,000 hojas cumplir\u00e1 con las demandas m\u00e1s exigentes. Su avanzado manejo de papel y opciones de finalizado permiten producir documentos de gran complejidad, tales como: plegados en V y en C.<\/p>\n<p>Gracias a su nuevo panel de control t\u00e1ctil de 9 pulgadas, el acceso a todas las funcionalidades que nos ofrece nunca hab\u00eda sido tan f\u00e1cil, obteniendo todos los resultados que necesite de una forma intuitiva y f\u00e1cil.<\/p>\n","protected":false},"featured_media":949,"comment_status":"open","ping_status":"closed","template":"","meta":[],"product_cat":[7,9],"product_tag":[],"class_list":{"0":"post-948","1":"product","2":"type-product","3":"status-publish","4":"has-post-thumbnail","6":"product_cat-copiadoras-impresoras-escaners-multifuncionals-san-luis-potosi","7":"product_cat-multifuncionales-bn","9":"first","10":"instock","11":"shipping-taxable","12":"product-type-simple"},"aioseo_notices":[],"_links":{"self":[{"href":"https:\/\/soluciondigitaldelbajio.com.mx\/site\/wp-json\/wp\/v2\/product\/948","targetHints":{"allow":["GET"]}}],"collection":[{"href":"https:\/\/soluciondigitaldelbajio.com.mx\/site\/wp-json\/wp\/v2\/product"}],"about":[{"href":"https:\/\/soluciondigitaldelbajio.com.mx\/site\/wp-json\/wp\/v2\/types\/product"}],"replies":[{"embeddable":true,"href":"https:\/\/soluciondigitaldelbajio.com.mx\/site\/wp-json\/wp\/v2\/comments?post=948"}],"wp:featuredmedia":[{"embeddable":true,"href":"https:\/\/soluciondigitaldelbajio.com.mx\/site\/wp-json\/wp\/v2\/media\/949"}],"wp:attachment":[{"href":"https:\/\/soluciondigitaldelbajio.com.mx\/site\/wp-json\/wp\/v2\/media?parent=948"}],"wp:term":[{"taxonomy":"product_cat","embeddable":true,"href":"https:\/\/soluciondigitaldelbajio.com.mx\/site\/wp-json\/wp\/v2\/product_cat?post=948"},{"taxonomy":"product_tag","embeddable":true,"href":"https:\/\/soluciondigitaldelbajio.com.mx\/site\/wp-json\/wp\/v2\/product_tag?post=948"}],"curies":[{"name":"wp","href":"https:\/\/api.w.org\/{rel}","templated":true}]}}