{"id":950,"date":"2019-09-04T18:19:25","date_gmt":"2019-09-04T18:19:25","guid":{"rendered":"https:\/\/soluciondigitaldelbajio.com.mx\/site\/?post_type=product&#038;p=950"},"modified":"2019-09-04T18:19:25","modified_gmt":"2019-09-04T18:19:25","slug":"kyocera-taskalfa-3212i","status":"publish","type":"product","link":"https:\/\/soluciondigitaldelbajio.com.mx\/site\/product\/kyocera-taskalfa-3212i\/","title":{"rendered":"Kyocera TASKalfa 3212i"},"content":{"rendered":"<ul>\n<li>Hasta 32 p\u00e1ginas por minuto en A4<\/li>\n<li>2 GB RAM, 32 GB SSD + 320 GB HDD opcional de memoria y almacenamiento<\/li>\n<li>Altamente productiva, impresi\u00f3n profesional, copiadora, esc\u00e1ner color y funcionalidad fax opcional<\/li>\n<li>Alta resoluci\u00f3n de 1.200 x 1.200 ppp<\/li>\n<li>Bajo consumo de energ\u00eda que reduce la huella medioambiental<\/li>\n<li>Componentes de larga duraci\u00f3n que proporcionan alta eficiencia y fiabilidad<\/li>\n<li>Plataforma de soluciones HyPAS\u2122 para potentes personalizaciones<\/li>\n<\/ul>\n","protected":false},"excerpt":{"rendered":"<p>La <strong>TASKalfa 3212i<\/strong> es una eficiente multifuncional A3 B\/N para peque\u00f1os y medianos grupos de trabajo donde se requiere alta productividad, eficiencia y una \u00f3ptima inversi\u00f3n.<\/p>\n","protected":false},"featured_media":951,"comment_status":"open","ping_status":"closed","template":"","meta":[],"product_cat":[7,9],"product_tag":[],"class_list":{"0":"post-950","1":"product","2":"type-product","3":"status-publish","4":"has-post-thumbnail","6":"product_cat-copiadoras-impresoras-escaners-multifuncionals-san-luis-potosi","7":"product_cat-multifuncionales-bn","9":"first","10":"instock","11":"shipping-taxable","12":"product-type-simple"},"aioseo_notices":[],"_links":{"self":[{"href":"https:\/\/soluciondigitaldelbajio.com.mx\/site\/wp-json\/wp\/v2\/product\/950","targetHints":{"allow":["GET"]}}],"collection":[{"href":"https:\/\/soluciondigitaldelbajio.com.mx\/site\/wp-json\/wp\/v2\/product"}],"about":[{"href":"https:\/\/soluciondigitaldelbajio.com.mx\/site\/wp-json\/wp\/v2\/types\/product"}],"replies":[{"embeddable":true,"href":"https:\/\/soluciondigitaldelbajio.com.mx\/site\/wp-json\/wp\/v2\/comments?post=950"}],"wp:featuredmedia":[{"embeddable":true,"href":"https:\/\/soluciondigitaldelbajio.com.mx\/site\/wp-json\/wp\/v2\/media\/951"}],"wp:attachment":[{"href":"https:\/\/soluciondigitaldelbajio.com.mx\/site\/wp-json\/wp\/v2\/media?parent=950"}],"wp:term":[{"taxonomy":"product_cat","embeddable":true,"href":"https:\/\/soluciondigitaldelbajio.com.mx\/site\/wp-json\/wp\/v2\/product_cat?post=950"},{"taxonomy":"product_tag","embeddable":true,"href":"https:\/\/soluciondigitaldelbajio.com.mx\/site\/wp-json\/wp\/v2\/product_tag?post=950"}],"curies":[{"name":"wp","href":"https:\/\/api.w.org\/{rel}","templated":true}]}}