{"id":952,"date":"2019-09-04T18:23:52","date_gmt":"2019-09-04T18:23:52","guid":{"rendered":"https:\/\/soluciondigitaldelbajio.com.mx\/site\/?post_type=product&#038;p=952"},"modified":"2019-09-04T18:23:52","modified_gmt":"2019-09-04T18:23:52","slug":"kyocera-taskalfa-7002i","status":"publish","type":"product","link":"https:\/\/soluciondigitaldelbajio.com.mx\/site\/product\/kyocera-taskalfa-7002i\/","title":{"rendered":"Kyocera TASKalfa 7002i"},"content":{"rendered":"<ul>\n<li>Hasta 70 p\u00e1ginas por minuto en A4<\/li>\n<li>4,5 GB RAM, 8 GB SSD + 320 GB HDD de memoria y almacenamiento<\/li>\n<li>Resoluci\u00f3n de 1.200 x 1.200 ppp, con 2 bits de profundidad (equivalente a 4.800 x 1.200 ppp)<\/li>\n<li>Compatibilidad con las m\u00e1s novedosas tecnolog\u00edas en impresi\u00f3n m\u00f3vil, red de serie y esc\u00e1ner color de alta producci\u00f3n<\/li>\n<li>Opciones de finalizado que aumentan la productividad, inclu\u00eddo plegado en C y V<\/li>\n<li>Funciones de seguridad avanzadas, incluido el lector de tarjetas IC<\/li>\n<li>Componentes de larga duraci\u00f3n que aseguran menos residuos, una eficiencia y fiabilidad y excepcional<\/li>\n<\/ul>\n","protected":false},"excerpt":{"rendered":"<p>La <strong>TASKalfa 7002i<\/strong> es una MFP de alta velocidad a la que le gustan los retos. Este dispositivo, r\u00e1pido y fiable, ofrece las funcionalidades de impresi\u00f3n, copia, escaneo y opcionalmente fax, sin importar que los trabajos sean largos o complejos. Con su avanzado manejo del papel y su asombrosa capacidad de papel, est\u00e1 especialmente dise\u00f1ado para grandes oficinas o departamentos de impresi\u00f3n centralizados. Gracias a su nueva tecnolog\u00eda del t\u00f3ner, los resultados de impresi\u00f3n son m\u00e1s n\u00edtidos y m\u00e1s detallados que nunca.<\/p>\n","protected":false},"featured_media":953,"comment_status":"open","ping_status":"closed","template":"","meta":[],"product_cat":[7,9],"product_tag":[],"class_list":{"0":"post-952","1":"product","2":"type-product","3":"status-publish","4":"has-post-thumbnail","6":"product_cat-copiadoras-impresoras-escaners-multifuncionals-san-luis-potosi","7":"product_cat-multifuncionales-bn","9":"first","10":"instock","11":"shipping-taxable","12":"product-type-simple"},"aioseo_notices":[],"_links":{"self":[{"href":"https:\/\/soluciondigitaldelbajio.com.mx\/site\/wp-json\/wp\/v2\/product\/952","targetHints":{"allow":["GET"]}}],"collection":[{"href":"https:\/\/soluciondigitaldelbajio.com.mx\/site\/wp-json\/wp\/v2\/product"}],"about":[{"href":"https:\/\/soluciondigitaldelbajio.com.mx\/site\/wp-json\/wp\/v2\/types\/product"}],"replies":[{"embeddable":true,"href":"https:\/\/soluciondigitaldelbajio.com.mx\/site\/wp-json\/wp\/v2\/comments?post=952"}],"wp:featuredmedia":[{"embeddable":true,"href":"https:\/\/soluciondigitaldelbajio.com.mx\/site\/wp-json\/wp\/v2\/media\/953"}],"wp:attachment":[{"href":"https:\/\/soluciondigitaldelbajio.com.mx\/site\/wp-json\/wp\/v2\/media?parent=952"}],"wp:term":[{"taxonomy":"product_cat","embeddable":true,"href":"https:\/\/soluciondigitaldelbajio.com.mx\/site\/wp-json\/wp\/v2\/product_cat?post=952"},{"taxonomy":"product_tag","embeddable":true,"href":"https:\/\/soluciondigitaldelbajio.com.mx\/site\/wp-json\/wp\/v2\/product_tag?post=952"}],"curies":[{"name":"wp","href":"https:\/\/api.w.org\/{rel}","templated":true}]}}