{"id":954,"date":"2019-09-05T14:30:30","date_gmt":"2019-09-05T14:30:30","guid":{"rendered":"https:\/\/soluciondigitaldelbajio.com.mx\/site\/?post_type=product&#038;p=954"},"modified":"2019-09-05T14:30:30","modified_gmt":"2019-09-05T14:30:30","slug":"kyocera-ecosys-m2040dn","status":"publish","type":"product","link":"https:\/\/soluciondigitaldelbajio.com.mx\/site\/product\/kyocera-ecosys-m2040dn\/","title":{"rendered":"Kyocera ECOSYS M2040dn"},"content":{"rendered":"<ul>\n<li>Hasta 40 p\u00e1ginas por minuto en B\/N<\/li>\n<li>Tiempo de primera impresi\u00f3n y copia de 6,4 segundos<\/li>\n<li>Esc\u00e1ner dual que admite hasta originales A6<\/li>\n<li>Resoluci\u00f3n de impresi\u00f3n de 1.200 x 1.200 ppp<\/li>\n<li>Dise\u00f1o compacto con una impresi\u00f3n con bajos niveles de ruido<\/li>\n<li>Unidad d\u00faplex para ahorrar en costes<\/li>\n<li>Costes de impresi\u00f3n extremadamente bajos en su categor\u00eda<\/li>\n<li>Hasta 2 dep\u00f3sitos de papel opcionales con capacidad de hasta 850 hojas<\/li>\n<\/ul>\n","protected":false},"excerpt":{"rendered":"<p>La <strong>Kyocera<\/strong>\u00a0<strong>ECOSYS M2040dn<\/strong> se convertir\u00e1n en una autentica imprescindible en su oficina. Con una velocidad de impresi\u00f3n de hasta 40 p\u00e1ginas por minuto, un tiempo de primera impresi\u00f3n y copia reducido y numerosas funcionalidades profesionales, inclu\u00eddo el escaneo simult\u00e1neo de ambas caras de un documento, le ayudar\u00e1n a optimizar su productividad en su respectivo flujo de trabajo. Su reducido TCO hacen de estos dispositivos una opci\u00f3n econ\u00f3mica y razonable. El t\u00f3ner y la capacidad de papel son impresionantes tambi\u00e9n, hasta 7.200 p\u00e1ginas de capacidad en cada cartucho y hasta 850 p\u00e1ginas de capacidad de papel con opcionales. Y como todo dispositivo KYOCERA, altamente fiables, y productivo siempre que lo necesite.<\/p>\n","protected":false},"featured_media":955,"comment_status":"open","ping_status":"closed","template":"","meta":[],"product_cat":[7,9],"product_tag":[],"class_list":{"0":"post-954","1":"product","2":"type-product","3":"status-publish","4":"has-post-thumbnail","6":"product_cat-copiadoras-impresoras-escaners-multifuncionals-san-luis-potosi","7":"product_cat-multifuncionales-bn","9":"first","10":"instock","11":"shipping-taxable","12":"product-type-simple"},"aioseo_notices":[],"_links":{"self":[{"href":"https:\/\/soluciondigitaldelbajio.com.mx\/site\/wp-json\/wp\/v2\/product\/954","targetHints":{"allow":["GET"]}}],"collection":[{"href":"https:\/\/soluciondigitaldelbajio.com.mx\/site\/wp-json\/wp\/v2\/product"}],"about":[{"href":"https:\/\/soluciondigitaldelbajio.com.mx\/site\/wp-json\/wp\/v2\/types\/product"}],"replies":[{"embeddable":true,"href":"https:\/\/soluciondigitaldelbajio.com.mx\/site\/wp-json\/wp\/v2\/comments?post=954"}],"wp:featuredmedia":[{"embeddable":true,"href":"https:\/\/soluciondigitaldelbajio.com.mx\/site\/wp-json\/wp\/v2\/media\/955"}],"wp:attachment":[{"href":"https:\/\/soluciondigitaldelbajio.com.mx\/site\/wp-json\/wp\/v2\/media?parent=954"}],"wp:term":[{"taxonomy":"product_cat","embeddable":true,"href":"https:\/\/soluciondigitaldelbajio.com.mx\/site\/wp-json\/wp\/v2\/product_cat?post=954"},{"taxonomy":"product_tag","embeddable":true,"href":"https:\/\/soluciondigitaldelbajio.com.mx\/site\/wp-json\/wp\/v2\/product_tag?post=954"}],"curies":[{"name":"wp","href":"https:\/\/api.w.org\/{rel}","templated":true}]}}