{"id":957,"date":"2019-09-05T15:00:08","date_gmt":"2019-09-05T15:00:08","guid":{"rendered":"https:\/\/soluciondigitaldelbajio.com.mx\/site\/?post_type=product&#038;p=957"},"modified":"2019-09-05T15:00:08","modified_gmt":"2019-09-05T15:00:08","slug":"kyocera-taskalfa-406ci","status":"publish","type":"product","link":"https:\/\/soluciondigitaldelbajio.com.mx\/site\/product\/kyocera-taskalfa-406ci\/","title":{"rendered":"Kyocera TASKalfa 406ci"},"content":{"rendered":"<ul>\n<li>Hasta 40 p\u00e1ginas por minuto en B\/N y color, en simplex y d\u00faplex<\/li>\n<li>Escanea hasta 120 im\u00e1genes por minuto con el alimentador de documentos de una sola pasada (opcional)<\/li>\n<li>Tiempo de primera copia de 5,8\/6,9 segundos en B\/N y color<\/li>\n<li>Diferentes opciones de manejo de papel que incluyen finalizadores y varios dep\u00f3sitos de papel para una capacidad de hasta 3.100 hojas y 5 tipos de papel (opcional)<\/li>\n<li>Excelente calidad de impresi\u00f3n de hasta 1.200 x 1.200 ppp<\/li>\n<li>2 GB RAM + 320 GB HDD de memoria y almacenamiento<\/li>\n<li>Pensado para ser seguro (opcional): Autenticaci\u00f3n sencilla compatible con m\u00faltiples tecnolog\u00edas de tarjeta USB y Data Security Kit<\/li>\n<li>Componentes de larga duraci\u00f3n que proveen una eficiencia y fiabilidad excepcional y menos residuos<\/li>\n<li>Costes de impresi\u00f3n excepcionalmente bajos en su categor\u00eda<\/li>\n<\/ul>\n","protected":false},"excerpt":{"rendered":"<p>La nueva <strong>TASKalfa 406ci<\/strong> es la compa\u00f1era ideal para grupos de trabajo que necesitan funcionalidad avanzada, diversidad en el manejo de papel y excelente calidad color de las impresiones.<\/p>\n<p>El dispositivo impresiona con una r\u00e1pida velocidad de impresi\u00f3n y escaneo as\u00ed como con las diferentes opciones de manejo de papel, tales como finalizador y dep\u00f3sito de papel de gran capacidad, que han sido dise\u00f1ados para realizar grandes vol\u00famenes de impresi\u00f3n de manera ininterrumpida.<br \/>\nNuestros exclusivos componentes de larga duraci\u00f3n, que son extraordinariamente fiables, ofrecen una salida de documentos eficiente al tiempo que reducen al m\u00ednimo el volumen de residuos y las paradas t\u00e9cnicas.<\/p>\n","protected":false},"featured_media":958,"comment_status":"open","ping_status":"closed","template":"","meta":[],"product_cat":[7,8],"product_tag":[],"class_list":{"0":"post-957","1":"product","2":"type-product","3":"status-publish","4":"has-post-thumbnail","6":"product_cat-copiadoras-impresoras-escaners-multifuncionals-san-luis-potosi","7":"product_cat-multifuncionales-color","9":"first","10":"instock","11":"shipping-taxable","12":"product-type-simple"},"aioseo_notices":[],"_links":{"self":[{"href":"https:\/\/soluciondigitaldelbajio.com.mx\/site\/wp-json\/wp\/v2\/product\/957","targetHints":{"allow":["GET"]}}],"collection":[{"href":"https:\/\/soluciondigitaldelbajio.com.mx\/site\/wp-json\/wp\/v2\/product"}],"about":[{"href":"https:\/\/soluciondigitaldelbajio.com.mx\/site\/wp-json\/wp\/v2\/types\/product"}],"replies":[{"embeddable":true,"href":"https:\/\/soluciondigitaldelbajio.com.mx\/site\/wp-json\/wp\/v2\/comments?post=957"}],"wp:featuredmedia":[{"embeddable":true,"href":"https:\/\/soluciondigitaldelbajio.com.mx\/site\/wp-json\/wp\/v2\/media\/958"}],"wp:attachment":[{"href":"https:\/\/soluciondigitaldelbajio.com.mx\/site\/wp-json\/wp\/v2\/media?parent=957"}],"wp:term":[{"taxonomy":"product_cat","embeddable":true,"href":"https:\/\/soluciondigitaldelbajio.com.mx\/site\/wp-json\/wp\/v2\/product_cat?post=957"},{"taxonomy":"product_tag","embeddable":true,"href":"https:\/\/soluciondigitaldelbajio.com.mx\/site\/wp-json\/wp\/v2\/product_tag?post=957"}],"curies":[{"name":"wp","href":"https:\/\/api.w.org\/{rel}","templated":true}]}}