{"id":959,"date":"2019-09-05T15:05:50","date_gmt":"2019-09-05T15:05:50","guid":{"rendered":"https:\/\/soluciondigitaldelbajio.com.mx\/site\/?post_type=product&#038;p=959"},"modified":"2019-09-05T15:05:50","modified_gmt":"2019-09-05T15:05:50","slug":"kyocera-taskalfa-356ci","status":"publish","type":"product","link":"https:\/\/soluciondigitaldelbajio.com.mx\/site\/product\/kyocera-taskalfa-356ci\/","title":{"rendered":"Kyocera TASKalfa 356ci"},"content":{"rendered":"<ul>\n<li>Hasta 35 p\u00e1ginas por minuto en B\/N y color, en simplex y d\u00faplex<\/li>\n<li>Escanea hasta 120 im\u00e1genes por minuto con el alimentador de documentos de una sola pasada (opcional)<\/li>\n<li>Tiempo de primera copia de 5,9\/7,3 segundos en B\/N y color<\/li>\n<li>Impresi\u00f3n desde A6 hasta banner de 1,22 mm de largo<\/li>\n<li>Diferentes opciones de manejo de papel que incluyen finalizadores y varios dep\u00f3sitos de papel para una capacidad de hasta 3.100 hojas y 5 tipos de papel (opcional)<\/li>\n<li>Pensado para ser seguro (opcional): Autenticaci\u00f3n sencilla compatible con m\u00faltiples tecnolog\u00edas de tarjeta USB y Data Security Kit<\/li>\n<li>Fax (opcional) con hasta 600 ppp, super G3, doble l\u00ednea, fax de red, internet fax<\/li>\n<li>Componentes de larga duraci\u00f3n que proveen una eficiencia y fiabilidad excepcional y menos residuos<\/li>\n<\/ul>\n","protected":false},"excerpt":{"rendered":"<p>El <strong>Kyocera TASKalfa 356ci<\/strong> asombra con una incre\u00edble calidad de impresi\u00f3n de 1,200 ppp y una total flexibilidad con las diferentes opciones de manejo de papel. Puede elegir entre diferentes dep\u00f3sitos de papel y varias opciones de finalizado para adaptar el dispositivo a las necesidades concretas de su oficina. Se puede acceder f\u00e1cil y r\u00e1pidamente a rodas las funcionalidades que necesite desde la gran pantalla t\u00e1ctil con una estructura de men\u00fas intuitiva y gracia a la plataforma abierta de soluciones de Kyocera, HyPAS, puede configurar el dispositivo para optimizar sus flujos documentales.<\/p>\n","protected":false},"featured_media":960,"comment_status":"open","ping_status":"closed","template":"","meta":[],"product_cat":[7,8],"product_tag":[],"class_list":{"0":"post-959","1":"product","2":"type-product","3":"status-publish","4":"has-post-thumbnail","6":"product_cat-copiadoras-impresoras-escaners-multifuncionals-san-luis-potosi","7":"product_cat-multifuncionales-color","9":"first","10":"instock","11":"shipping-taxable","12":"product-type-simple"},"aioseo_notices":[],"_links":{"self":[{"href":"https:\/\/soluciondigitaldelbajio.com.mx\/site\/wp-json\/wp\/v2\/product\/959","targetHints":{"allow":["GET"]}}],"collection":[{"href":"https:\/\/soluciondigitaldelbajio.com.mx\/site\/wp-json\/wp\/v2\/product"}],"about":[{"href":"https:\/\/soluciondigitaldelbajio.com.mx\/site\/wp-json\/wp\/v2\/types\/product"}],"replies":[{"embeddable":true,"href":"https:\/\/soluciondigitaldelbajio.com.mx\/site\/wp-json\/wp\/v2\/comments?post=959"}],"wp:featuredmedia":[{"embeddable":true,"href":"https:\/\/soluciondigitaldelbajio.com.mx\/site\/wp-json\/wp\/v2\/media\/960"}],"wp:attachment":[{"href":"https:\/\/soluciondigitaldelbajio.com.mx\/site\/wp-json\/wp\/v2\/media?parent=959"}],"wp:term":[{"taxonomy":"product_cat","embeddable":true,"href":"https:\/\/soluciondigitaldelbajio.com.mx\/site\/wp-json\/wp\/v2\/product_cat?post=959"},{"taxonomy":"product_tag","embeddable":true,"href":"https:\/\/soluciondigitaldelbajio.com.mx\/site\/wp-json\/wp\/v2\/product_tag?post=959"}],"curies":[{"name":"wp","href":"https:\/\/api.w.org\/{rel}","templated":true}]}}