{"id":961,"date":"2019-09-05T15:08:49","date_gmt":"2019-09-05T15:08:49","guid":{"rendered":"https:\/\/soluciondigitaldelbajio.com.mx\/site\/?post_type=product&#038;p=961"},"modified":"2019-09-05T15:08:49","modified_gmt":"2019-09-05T15:08:49","slug":"kyocera-taskalfa-307ci","status":"publish","type":"product","link":"https:\/\/soluciondigitaldelbajio.com.mx\/site\/product\/kyocera-taskalfa-307ci\/","title":{"rendered":"Kyocera TASKalfa 307ci"},"content":{"rendered":"<ul>\n<li>Hasta 30 p\u00e1ginas por minuto A4 en B\/N y color<\/li>\n<li>Dise\u00f1o compacto y diferentes opciones de manejo de papel y finalizado<\/li>\n<li>Impresi\u00f3n, copia y escaneo a doble cara con opci\u00f3n a fax<\/li>\n<li>Bajo consumo energ\u00e9tico<\/li>\n<li>Pantalla t\u00e1ctil a color de 7\u2033 que simplifica el manejo<\/li>\n<li>Componentes de larga duraci\u00f3n que confieren una fiabilidad y eficiencia sin precedentes<\/li>\n<li>HyPAS\u2122, plataforma de soluciones que permite potentes personalizaciones<\/li>\n<\/ul>\n","protected":false},"excerpt":{"rendered":"<p>La <strong>TASKalfa 307ci<\/strong> es una potente MFP A4 color, pensada para grupos de trabajo peque\u00f1os y medianos de medianas y grandes corporaciones que buscan calidad y fiabilidad. Su pantalla t\u00e1ctil de 7\u2033 lo convierte en un dispositivo f\u00e1cil de usar y, adem\u00e1s, cuenta con una serie de opciones de manejo de papel como el dep\u00f3sito con capacidad para 2.000 hojas o el finalizador con capacidad para 300 hojas y grapador de 50 hojas y tres posiciones.<\/p>\n","protected":false},"featured_media":962,"comment_status":"open","ping_status":"closed","template":"","meta":[],"product_cat":[7,8],"product_tag":[],"class_list":{"0":"post-961","1":"product","2":"type-product","3":"status-publish","4":"has-post-thumbnail","6":"product_cat-copiadoras-impresoras-escaners-multifuncionals-san-luis-potosi","7":"product_cat-multifuncionales-color","9":"first","10":"instock","11":"shipping-taxable","12":"product-type-simple"},"aioseo_notices":[],"_links":{"self":[{"href":"https:\/\/soluciondigitaldelbajio.com.mx\/site\/wp-json\/wp\/v2\/product\/961","targetHints":{"allow":["GET"]}}],"collection":[{"href":"https:\/\/soluciondigitaldelbajio.com.mx\/site\/wp-json\/wp\/v2\/product"}],"about":[{"href":"https:\/\/soluciondigitaldelbajio.com.mx\/site\/wp-json\/wp\/v2\/types\/product"}],"replies":[{"embeddable":true,"href":"https:\/\/soluciondigitaldelbajio.com.mx\/site\/wp-json\/wp\/v2\/comments?post=961"}],"wp:featuredmedia":[{"embeddable":true,"href":"https:\/\/soluciondigitaldelbajio.com.mx\/site\/wp-json\/wp\/v2\/media\/962"}],"wp:attachment":[{"href":"https:\/\/soluciondigitaldelbajio.com.mx\/site\/wp-json\/wp\/v2\/media?parent=961"}],"wp:term":[{"taxonomy":"product_cat","embeddable":true,"href":"https:\/\/soluciondigitaldelbajio.com.mx\/site\/wp-json\/wp\/v2\/product_cat?post=961"},{"taxonomy":"product_tag","embeddable":true,"href":"https:\/\/soluciondigitaldelbajio.com.mx\/site\/wp-json\/wp\/v2\/product_tag?post=961"}],"curies":[{"name":"wp","href":"https:\/\/api.w.org\/{rel}","templated":true}]}}