{"id":963,"date":"2019-09-05T15:12:01","date_gmt":"2019-09-05T15:12:01","guid":{"rendered":"https:\/\/soluciondigitaldelbajio.com.mx\/site\/?post_type=product&#038;p=963"},"modified":"2019-09-05T15:12:01","modified_gmt":"2019-09-05T15:12:01","slug":"kyocera-taskalfa-5053ci","status":"publish","type":"product","link":"https:\/\/soluciondigitaldelbajio.com.mx\/site\/product\/kyocera-taskalfa-5053ci\/","title":{"rendered":"Kyocera TASKalfa 5053ci"},"content":{"rendered":"<ul>\n<li>Hasta 50\/25 p\u00e1ginas por minuto en A4\/A3 color<\/li>\n<li>Pantalla t\u00e1ctil de 10,1 pulgadas de f\u00e1cil uso<\/li>\n<li>Incrementa la productividad y ahorra tiempo gracias al sensor de presencia<\/li>\n<li>Alto nivel de seguridad que incluye encriptaci\u00f3n de datos, TPM (Trusted<\/li>\n<li>Platform Module), arranque seguro y RTIC (Run Time Integrity Check)<\/li>\n<li>Amplio manejo de papel, con formatos desde A6 hasta SRA3, para una<br \/>\ncapacidad de hasta 7.150 hojas<\/li>\n<li>Excelente calidad de imagen gracias a una avanzada tecnolog\u00eda color<\/li>\n<li>Diferentes opciones de esc\u00e1neres en color y finalizadores opcionales<\/li>\n<li>Compatibilidad con las m\u00e1s novedosas tecnolog\u00edas en impresi\u00f3n m\u00f3vil<\/li>\n<li>Controlador opcional EFI Fiery para una gesti\u00f3n del color m\u00e1s profesional<\/li>\n<\/ul>\n","protected":false},"excerpt":{"rendered":"<p>Proporcionando lo \u00faltimo en tecnolog\u00eda de seguridad para proteger todos los datos valiosos, la nueva <strong>TASKalfa 5053ci<\/strong> garantiza que no se est\u00e1n poniendo en riesgo datos valiosos en el proceso. Adem\u00e1s, los colores vibrantes garantizan una impresi\u00f3n de alta calidad que junto con una amplia gama de opciones de manejo y acabado de papel, hacen que el dispositivo sea la soluci\u00f3n completa para proporcionar una manera eficiente de imprimir, copiar y escanear. Adem\u00e1s, un motor premiado ofrece una fiabilidad y robustez imbatibles para hacer la <strong>TASKalfa 5053ci<\/strong> una multifuncional \u00fanica y proporcionar una soluci\u00f3n a las necesidades de cualquier empresa.<\/p>\n","protected":false},"featured_media":964,"comment_status":"open","ping_status":"closed","template":"","meta":[],"product_cat":[7,8],"product_tag":[],"class_list":{"0":"post-963","1":"product","2":"type-product","3":"status-publish","4":"has-post-thumbnail","6":"product_cat-copiadoras-impresoras-escaners-multifuncionals-san-luis-potosi","7":"product_cat-multifuncionales-color","9":"first","10":"instock","11":"shipping-taxable","12":"product-type-simple"},"aioseo_notices":[],"_links":{"self":[{"href":"https:\/\/soluciondigitaldelbajio.com.mx\/site\/wp-json\/wp\/v2\/product\/963","targetHints":{"allow":["GET"]}}],"collection":[{"href":"https:\/\/soluciondigitaldelbajio.com.mx\/site\/wp-json\/wp\/v2\/product"}],"about":[{"href":"https:\/\/soluciondigitaldelbajio.com.mx\/site\/wp-json\/wp\/v2\/types\/product"}],"replies":[{"embeddable":true,"href":"https:\/\/soluciondigitaldelbajio.com.mx\/site\/wp-json\/wp\/v2\/comments?post=963"}],"wp:featuredmedia":[{"embeddable":true,"href":"https:\/\/soluciondigitaldelbajio.com.mx\/site\/wp-json\/wp\/v2\/media\/964"}],"wp:attachment":[{"href":"https:\/\/soluciondigitaldelbajio.com.mx\/site\/wp-json\/wp\/v2\/media?parent=963"}],"wp:term":[{"taxonomy":"product_cat","embeddable":true,"href":"https:\/\/soluciondigitaldelbajio.com.mx\/site\/wp-json\/wp\/v2\/product_cat?post=963"},{"taxonomy":"product_tag","embeddable":true,"href":"https:\/\/soluciondigitaldelbajio.com.mx\/site\/wp-json\/wp\/v2\/product_tag?post=963"}],"curies":[{"name":"wp","href":"https:\/\/api.w.org\/{rel}","templated":true}]}}