{"id":967,"date":"2019-09-05T15:22:12","date_gmt":"2019-09-05T15:22:12","guid":{"rendered":"https:\/\/soluciondigitaldelbajio.com.mx\/site\/?post_type=product&#038;p=967"},"modified":"2019-09-05T15:22:12","modified_gmt":"2019-09-05T15:22:12","slug":"kyocera-taskalfa-8052ci","status":"publish","type":"product","link":"https:\/\/soluciondigitaldelbajio.com.mx\/site\/product\/kyocera-taskalfa-8052ci\/","title":{"rendered":"Kyocera TASKalfa 8052ci"},"content":{"rendered":"<ul>\n<li>Hasta 80\/70 p\u00e1ginas por minuto en A4 en B\/N y color<\/li>\n<li>4.5 GB RAM, 8 GB SSD + 320 GB HDD de memoria y almacenamiento<\/li>\n<li>Resoluci\u00f3n de 1,200 x 1,200 ppp, con 2 bits de profundidad (equivalente a 4,800 x 1,200 ppp)<\/li>\n<li>Compatibilidad con las m\u00e1s novedosas tecnolog\u00edas en impresi\u00f3n m\u00f3vil<\/li>\n<li>Opciones de finalizado que aumentan la productividad, incluido un finalizador interno para ahorrar espacio<\/li>\n<li>Excelente calidad de imagen gracias a una avanzada tecnolog\u00eda color<\/li>\n<li>Controlador opcional EFI Fiery para m\u00e1xima productividad y calidad color<\/li>\n<\/ul>\n","protected":false},"excerpt":{"rendered":"<p>Todo lo que puede ofrecer KYOCERA viene de la mano de esta intransigente multifuncional. Con una velocidad de hasta 80 p\u00e1ginas por minuto en B\/N y 70 para color, su avanzada tecnolog\u00eda color que ofrece unos resultados m\u00e1s vivos y m\u00e1s brillantes y una capacidad m\u00e1xima de papel de hasta 7.650 hojas hace ver porque es el modelo m\u00e1s alto de la serie TASKalfa. A\u00fan hay mas: la <strong>TASKalfa 8052ci<\/strong> tiene un alto rendimiento gracias a su SSD de 8 GB y su HDD de 320 GB que le permitir\u00e1 obtener una alta resoluci\u00f3n de impresi\u00f3n incluso a altas velocidades. Por si a\u00fan necesita m\u00e1s, ofrece el controlador Fiery opcional, que perfecciona tanto la calidad color como la productividad.<\/p>\n","protected":false},"featured_media":968,"comment_status":"open","ping_status":"closed","template":"","meta":[],"product_cat":[7,8],"product_tag":[],"class_list":{"0":"post-967","1":"product","2":"type-product","3":"status-publish","4":"has-post-thumbnail","6":"product_cat-copiadoras-impresoras-escaners-multifuncionals-san-luis-potosi","7":"product_cat-multifuncionales-color","9":"first","10":"instock","11":"shipping-taxable","12":"product-type-simple"},"aioseo_notices":[],"_links":{"self":[{"href":"https:\/\/soluciondigitaldelbajio.com.mx\/site\/wp-json\/wp\/v2\/product\/967","targetHints":{"allow":["GET"]}}],"collection":[{"href":"https:\/\/soluciondigitaldelbajio.com.mx\/site\/wp-json\/wp\/v2\/product"}],"about":[{"href":"https:\/\/soluciondigitaldelbajio.com.mx\/site\/wp-json\/wp\/v2\/types\/product"}],"replies":[{"embeddable":true,"href":"https:\/\/soluciondigitaldelbajio.com.mx\/site\/wp-json\/wp\/v2\/comments?post=967"}],"wp:featuredmedia":[{"embeddable":true,"href":"https:\/\/soluciondigitaldelbajio.com.mx\/site\/wp-json\/wp\/v2\/media\/968"}],"wp:attachment":[{"href":"https:\/\/soluciondigitaldelbajio.com.mx\/site\/wp-json\/wp\/v2\/media?parent=967"}],"wp:term":[{"taxonomy":"product_cat","embeddable":true,"href":"https:\/\/soluciondigitaldelbajio.com.mx\/site\/wp-json\/wp\/v2\/product_cat?post=967"},{"taxonomy":"product_tag","embeddable":true,"href":"https:\/\/soluciondigitaldelbajio.com.mx\/site\/wp-json\/wp\/v2\/product_tag?post=967"}],"curies":[{"name":"wp","href":"https:\/\/api.w.org\/{rel}","templated":true}]}}