{"id":969,"date":"2019-09-05T15:28:58","date_gmt":"2019-09-05T15:28:58","guid":{"rendered":"https:\/\/soluciondigitaldelbajio.com.mx\/site\/?post_type=product&#038;p=969"},"modified":"2019-09-05T15:28:58","modified_gmt":"2019-09-05T15:28:58","slug":"kyocera-taskalfa-7052ci","status":"publish","type":"product","link":"https:\/\/soluciondigitaldelbajio.com.mx\/site\/product\/kyocera-taskalfa-7052ci\/","title":{"rendered":"Kyocera TASKalfa 7052ci"},"content":{"rendered":"<ul>\n<li>Hasta 70\/65 p\u00e1ginas por minuto en A4 en B\/N y color<\/li>\n<li>4.5 GB RAM, 8 GB SSD + 320 GB HDD de memoria y almacenamiento<\/li>\n<li>Resoluci\u00f3n de 1,200 x 1,200 ppp, con 2 bits de profundidad (equivalente a 4,800 x 1,200 ppp)<\/li>\n<li>Compatibilidad con las m\u00e1s novedosas tecnolog\u00edas en impresi\u00f3n m\u00f3vil<\/li>\n<li>Opciones de finalizado que aumentan la productividad, incluido un finalizador interno para ahorrar espacio<\/li>\n<li>Excelente calidad de imagen gracias a una avanzada tecnolog\u00eda color<\/li>\n<li>Controlador opcional EFI Fiery para m\u00e1xima productividad y calidad color<\/li>\n<\/ul>\n","protected":false},"excerpt":{"rendered":"<p>La <strong>TASKalfa 7052ci<\/strong> es una multifuncional que se convertir\u00e1 en la mejor elecci\u00f3n para oficinas y grupos de trabajo altamente productivos. Su rendimiento sin parang\u00f3n, su avanzado manejo del papel y su capacidad de hasta 7,650 hojas lleva la productividad a otros nivel. Ofrece una alta resoluci\u00f3n de impresi\u00f3n de hasta 1,200 x 1,200 ppp consiguiente resultados muy detallados incluso a altas velocidades. El nuevo y mejorado t\u00f3ner aumenta la gama de colores, produciendo los colores m\u00e1s vivos y m\u00e1s brillantes. Adicionalmente, su pantalla t\u00e1ctil de 9 pulgadas hace accesible de una forma muy intuitiva y f\u00e1cil todas las funcionalidades del dispositivo.<\/p>\n","protected":false},"featured_media":970,"comment_status":"open","ping_status":"closed","template":"","meta":[],"product_cat":[7,8],"product_tag":[],"class_list":{"0":"post-969","1":"product","2":"type-product","3":"status-publish","4":"has-post-thumbnail","6":"product_cat-copiadoras-impresoras-escaners-multifuncionals-san-luis-potosi","7":"product_cat-multifuncionales-color","9":"first","10":"instock","11":"shipping-taxable","12":"product-type-simple"},"aioseo_notices":[],"_links":{"self":[{"href":"https:\/\/soluciondigitaldelbajio.com.mx\/site\/wp-json\/wp\/v2\/product\/969","targetHints":{"allow":["GET"]}}],"collection":[{"href":"https:\/\/soluciondigitaldelbajio.com.mx\/site\/wp-json\/wp\/v2\/product"}],"about":[{"href":"https:\/\/soluciondigitaldelbajio.com.mx\/site\/wp-json\/wp\/v2\/types\/product"}],"replies":[{"embeddable":true,"href":"https:\/\/soluciondigitaldelbajio.com.mx\/site\/wp-json\/wp\/v2\/comments?post=969"}],"wp:featuredmedia":[{"embeddable":true,"href":"https:\/\/soluciondigitaldelbajio.com.mx\/site\/wp-json\/wp\/v2\/media\/970"}],"wp:attachment":[{"href":"https:\/\/soluciondigitaldelbajio.com.mx\/site\/wp-json\/wp\/v2\/media?parent=969"}],"wp:term":[{"taxonomy":"product_cat","embeddable":true,"href":"https:\/\/soluciondigitaldelbajio.com.mx\/site\/wp-json\/wp\/v2\/product_cat?post=969"},{"taxonomy":"product_tag","embeddable":true,"href":"https:\/\/soluciondigitaldelbajio.com.mx\/site\/wp-json\/wp\/v2\/product_tag?post=969"}],"curies":[{"name":"wp","href":"https:\/\/api.w.org\/{rel}","templated":true}]}}