{"id":973,"date":"2019-09-05T17:05:01","date_gmt":"2019-09-05T17:05:01","guid":{"rendered":"https:\/\/soluciondigitaldelbajio.com.mx\/site\/?post_type=product&#038;p=973"},"modified":"2019-09-05T17:05:01","modified_gmt":"2019-09-05T17:05:01","slug":"oce-arizona-318-gl","status":"publish","type":"product","link":"https:\/\/soluciondigitaldelbajio.com.mx\/site\/product\/oce-arizona-318-gl\/","title":{"rendered":"Oc\u00e9 Arizona 318 GL"},"content":{"rendered":"<ul>\n<li><strong>Tecnolog\u00eda de impresi\u00f3n<\/strong><br \/>\nInyecci\u00f3n de tinta piezoel\u00e9ctrica con tecnolog\u00eda de imagen Oc\u00e9 VariaDot\u00ae<br \/>\nUna unidad de impresi\u00f3n de gota variable por cada color<\/li>\n<li><strong>Tinta<\/strong><br \/>\nTintas curables UV en negro, cian, magenta y amarillo en bolsas de 800 ml f\u00e1ciles de cambiar (tinta blanca con bolsa de 1 litro)<\/li>\n<li><strong>Formato<\/strong><br \/>\nImpresora de mesa plana y sistema de sujeci\u00f3n por aspiraci\u00f3n al vac\u00edo para fijar objetos y soportes r\u00edgidos durante la impresi\u00f3n.<br \/>\nImpresi\u00f3n de bobina a bobina (opcional)<\/li>\n<li><strong>Velocidad de impresi\u00f3n<\/strong><br \/>\nModo Express: hasta 18 m2\/hora<br \/>\nModo producci\u00f3n: hasta 12.2 m2\/hora<br \/>\nModo calidad: hasta 8.4 m2\/hora<\/li>\n<li><strong>Resoluci\u00f3n<\/strong><br \/>\nTama\u00f1o de gota variable de 6 a 42 picolitros. El resultado es una calidad de imagen pr\u00e1cticamente fotogr\u00e1fica con una nitidez s\u00f3lo vista a una resoluci\u00f3n de 1440 ppp o superior. Imprime con precisi\u00f3n texto de tama\u00f1o 6 pt.<\/li>\n<\/ul>\n","protected":false},"excerpt":{"rendered":"<p>La impresora plana <strong>Oc\u00e9 Arizona 318 GL<\/strong> es un modelo b\u00e1sico de bajo volumen que le permite la entrada en el mundo de la impresi\u00f3n plana UV de alta calidad a los profesionales y empresas m\u00e1s peque\u00f1as. Ofrece la misma calidad que la impresora <strong>Oc\u00e9 Arizona 360 GT<\/strong>, pero a un precio dirigido a entornos de baja producci\u00f3n. Esta impresora va dirigida a rotulistas e imprentas con demandas de bajo volumen, manteniendo la misma calidad y versatilidad que ofrecen los dem\u00e1s modelos de la gama Oc\u00e9 Arizona.<\/p>\n","protected":false},"featured_media":974,"comment_status":"open","ping_status":"closed","template":"","meta":[],"product_cat":[51,17],"product_tag":[],"class_list":{"0":"post-973","1":"product","2":"type-product","3":"status-publish","4":"has-post-thumbnail","6":"product_cat-cama-plana","7":"product_cat-copiadoras-impresoras-plotters-gran-formato-san-luis-potosi","9":"first","10":"instock","11":"shipping-taxable","12":"product-type-simple"},"aioseo_notices":[],"_links":{"self":[{"href":"https:\/\/soluciondigitaldelbajio.com.mx\/site\/wp-json\/wp\/v2\/product\/973","targetHints":{"allow":["GET"]}}],"collection":[{"href":"https:\/\/soluciondigitaldelbajio.com.mx\/site\/wp-json\/wp\/v2\/product"}],"about":[{"href":"https:\/\/soluciondigitaldelbajio.com.mx\/site\/wp-json\/wp\/v2\/types\/product"}],"replies":[{"embeddable":true,"href":"https:\/\/soluciondigitaldelbajio.com.mx\/site\/wp-json\/wp\/v2\/comments?post=973"}],"wp:featuredmedia":[{"embeddable":true,"href":"https:\/\/soluciondigitaldelbajio.com.mx\/site\/wp-json\/wp\/v2\/media\/974"}],"wp:attachment":[{"href":"https:\/\/soluciondigitaldelbajio.com.mx\/site\/wp-json\/wp\/v2\/media?parent=973"}],"wp:term":[{"taxonomy":"product_cat","embeddable":true,"href":"https:\/\/soluciondigitaldelbajio.com.mx\/site\/wp-json\/wp\/v2\/product_cat?post=973"},{"taxonomy":"product_tag","embeddable":true,"href":"https:\/\/soluciondigitaldelbajio.com.mx\/site\/wp-json\/wp\/v2\/product_tag?post=973"}],"curies":[{"name":"wp","href":"https:\/\/api.w.org\/{rel}","templated":true}]}}