{"id":975,"date":"2019-09-05T17:16:06","date_gmt":"2019-09-05T17:16:06","guid":{"rendered":"https:\/\/soluciondigitaldelbajio.com.mx\/site\/?post_type=product&#038;p=975"},"modified":"2019-09-05T17:16:06","modified_gmt":"2019-09-05T17:16:06","slug":"serie-oce-arizona-1200-gtxt","status":"publish","type":"product","link":"https:\/\/soluciondigitaldelbajio.com.mx\/site\/product\/serie-oce-arizona-1200-gtxt\/","title":{"rendered":"Serie Oc\u00e9 Arizona 1200 GT\/XT"},"content":{"rendered":"<ul>\n<li><strong>Impresora plana UV de volumen medio<\/strong><\/li>\n<li><strong>Tecnolog\u00eda de impresi\u00f3n<\/strong><br \/>\nInyecci\u00f3n de tinta piezoel\u00e9ctrica<\/li>\n<li><strong>N\u00famero de boquillas<\/strong><br \/>\nSistema de inyecci\u00f3n de tinta piezoel\u00e9ctrica de 4,6 u 8 canales con un cabezal de impresi\u00f3n de 636 inyectores y tama\u00f1o de gota variable por canal.<\/li>\n<li><strong>Resoluci\u00f3n de impresi\u00f3n<\/strong><br \/>\nTama\u00f1o de gota variable de 6 a 42 picolitros. La capacidad de variar el tama\u00f1o de gota a 6 picolitros produce im\u00e1genes n\u00edtidas con degradados m\u00e1s suaves y cuartos de tono. La capacidad de inyectar gotas m\u00e1s grandes de hasta 42 picolitros produce colores uniformes. El resultado es una calidad pr\u00e1cticamente fotogr\u00e1fica con una nitidez s\u00f3lo vista a una resoluci\u00f3n de 1440 ppp o superior. El texto de hasta tan solo 2 puntos es perfectamente legible (con el modo de alta definici\u00f3n).<\/li>\n<li><strong>Material R\u00edgido para modelo GT<\/strong><br \/>\n\u00c1rea M\u00e1xima: 125 x 250 cm \/ 49.2 x 98.4 pulgadas<br \/>\nAncho M\u00e1ximo: 50.8 mm \/ 2.0 pulgadas<br \/>\nPeso M\u00e1ximo: 34 kg\/m2 ?<\/li>\n<li><strong>Material R\u00edgido para modelo XT<\/strong><br \/>\n\u00c1rea M\u00e1xima: 308 x 250 cm \/ 121.3 x 98.4 pulgadas<br \/>\nAncho M\u00e1ximo: 50.8 mm \/ 2.0 pulgadas<br \/>\nPeso M\u00e1ximo: 34 kg\/m2 ?<\/li>\n<\/ul>\n","protected":false},"excerpt":{"rendered":"<p><strong>Calidad y versatilidad inigualables en soportes r\u00edgidos y flexibles.<\/strong><\/p>\n<p>La serie <strong>Oc\u00e9 Arizona 1200 GT\/XT<\/strong> de impresora\u00a0 de cama lana UV ofrece una calidad de impresi\u00f3n inigualable y\u00a0 versatilidad para aplicaciones con soportes flexibles y r\u00edgidos.<\/p>\n","protected":false},"featured_media":976,"comment_status":"open","ping_status":"closed","template":"","meta":[],"product_cat":[51,17],"product_tag":[],"class_list":{"0":"post-975","1":"product","2":"type-product","3":"status-publish","4":"has-post-thumbnail","6":"product_cat-cama-plana","7":"product_cat-copiadoras-impresoras-plotters-gran-formato-san-luis-potosi","9":"first","10":"instock","11":"shipping-taxable","12":"product-type-simple"},"aioseo_notices":[],"_links":{"self":[{"href":"https:\/\/soluciondigitaldelbajio.com.mx\/site\/wp-json\/wp\/v2\/product\/975","targetHints":{"allow":["GET"]}}],"collection":[{"href":"https:\/\/soluciondigitaldelbajio.com.mx\/site\/wp-json\/wp\/v2\/product"}],"about":[{"href":"https:\/\/soluciondigitaldelbajio.com.mx\/site\/wp-json\/wp\/v2\/types\/product"}],"replies":[{"embeddable":true,"href":"https:\/\/soluciondigitaldelbajio.com.mx\/site\/wp-json\/wp\/v2\/comments?post=975"}],"wp:featuredmedia":[{"embeddable":true,"href":"https:\/\/soluciondigitaldelbajio.com.mx\/site\/wp-json\/wp\/v2\/media\/976"}],"wp:attachment":[{"href":"https:\/\/soluciondigitaldelbajio.com.mx\/site\/wp-json\/wp\/v2\/media?parent=975"}],"wp:term":[{"taxonomy":"product_cat","embeddable":true,"href":"https:\/\/soluciondigitaldelbajio.com.mx\/site\/wp-json\/wp\/v2\/product_cat?post=975"},{"taxonomy":"product_tag","embeddable":true,"href":"https:\/\/soluciondigitaldelbajio.com.mx\/site\/wp-json\/wp\/v2\/product_tag?post=975"}],"curies":[{"name":"wp","href":"https:\/\/api.w.org\/{rel}","templated":true}]}}