{"id":977,"date":"2019-09-05T17:22:29","date_gmt":"2019-09-05T17:22:29","guid":{"rendered":"https:\/\/soluciondigitaldelbajio.com.mx\/site\/?post_type=product&#038;p=977"},"modified":"2019-09-05T17:22:29","modified_gmt":"2019-09-05T17:22:29","slug":"serie-oce-arizona-2200-gtxt","status":"publish","type":"product","link":"https:\/\/soluciondigitaldelbajio.com.mx\/site\/product\/serie-oce-arizona-2200-gtxt\/","title":{"rendered":"Serie Oc\u00e9 Arizona 2200 GT\/XT"},"content":{"rendered":"<ul>\n<li>M\u00e9todo de impresi\u00f3n: Inyecci\u00f3n de tinta piezoel\u00e9ctrica.<\/li>\n<li>Calidad de impresi\u00f3n y rendimiento de tintas gracias a la tecnolog\u00eda Oc\u00e9 VariaDot\u00ae que inyecta gotas de tinta variable dependiendo de la imagen o aplicaci\u00f3n.<\/li>\n<li>Tecnolog\u00eda para obtener tama\u00f1os variables de gota que van de 6 a 42 picolitros. Est\u00e1 capacidad de variar el tama\u00f1o ayuda a producir im\u00e1genes n\u00edtidas con gradiantes y cuartetosm\u00e1s suaves a trav\u00e9s de gotas de 6 picolitros y capacidad de lanzar gotas m\u00e1s grandes de hasta 42 picolitros que producen colores uniformes. El resultado es una calidad casi fotogr\u00e1fica con una nitidez que antes s\u00f3lo se ve\u00eda a resoluciones de 1.440 ppp o m\u00e1s.<\/li>\n<li><strong>Oc\u00e9 Arizona 2200 GT<\/strong><br \/>\n&#8211; Modo Express: 57.6-Production<br \/>\n&#8211; squared mode:44.0<br \/>\n&#8211; Modo de producci\u00f3n suave: 36.7<br \/>\n&#8211; Calidad: 26.0<br \/>\n&#8211; Calidad-Densidad: 14.5<br \/>\n&#8211; Modo Fine Art: 21.0<br \/>\n&#8211; Alta definici\u00f3n: 11.1<\/li>\n<li><strong>Oc\u00e9 Arizona 2200 XT<\/strong><br \/>\n&#8211; Modo Express: 64.2<br \/>\n&#8211; Production-squared mode: 47.8<br \/>\n&#8211; Modo de producci\u00f3n suave: 39.7<br \/>\n&#8211; Calidad: 27.6<br \/>\n&#8211; Calidad-Densidad: 15.3<br \/>\n&#8211; Modo Fine Art: 21.8<br \/>\n&#8211; Alta definici\u00f3n: 12.2<\/li>\n<\/ul>\n","protected":false},"excerpt":{"rendered":"<p>La serie <strong>Oc\u00e9 Arizona 2200 GT y XT<\/strong> ofrece una soluci\u00f3n para proveedores de servicios de impresi\u00f3n, productores de impresi\u00f3n de bellas artes y laboratorios fotogr\u00e1ficos. Est\u00e1 serie de <strong>Oc\u00e9 Arizona<\/strong> est\u00e1 dise\u00f1ada para satisfacer la demanda de mayor capacidad y versatilidad sin comprometer la calidad de impresi\u00f3n.<\/p>\n<p>Imprima objetos o materiales pesados, lisos, pre cortados, no cuadrados. Imprime en casi cualquier cosa que sea razonablemente plana.<\/p>\n<p>Volumen de impresi\u00f3n medio (Aprox. 20,000 m2\/anuales\/700 m2\/semanales) en sustratos r\u00edgidos y flexibles.<\/p>\n","protected":false},"featured_media":978,"comment_status":"open","ping_status":"closed","template":"","meta":[],"product_cat":[51,17],"product_tag":[],"class_list":{"0":"post-977","1":"product","2":"type-product","3":"status-publish","4":"has-post-thumbnail","6":"product_cat-cama-plana","7":"product_cat-copiadoras-impresoras-plotters-gran-formato-san-luis-potosi","9":"first","10":"instock","11":"shipping-taxable","12":"product-type-simple"},"aioseo_notices":[],"_links":{"self":[{"href":"https:\/\/soluciondigitaldelbajio.com.mx\/site\/wp-json\/wp\/v2\/product\/977","targetHints":{"allow":["GET"]}}],"collection":[{"href":"https:\/\/soluciondigitaldelbajio.com.mx\/site\/wp-json\/wp\/v2\/product"}],"about":[{"href":"https:\/\/soluciondigitaldelbajio.com.mx\/site\/wp-json\/wp\/v2\/types\/product"}],"replies":[{"embeddable":true,"href":"https:\/\/soluciondigitaldelbajio.com.mx\/site\/wp-json\/wp\/v2\/comments?post=977"}],"wp:featuredmedia":[{"embeddable":true,"href":"https:\/\/soluciondigitaldelbajio.com.mx\/site\/wp-json\/wp\/v2\/media\/978"}],"wp:attachment":[{"href":"https:\/\/soluciondigitaldelbajio.com.mx\/site\/wp-json\/wp\/v2\/media?parent=977"}],"wp:term":[{"taxonomy":"product_cat","embeddable":true,"href":"https:\/\/soluciondigitaldelbajio.com.mx\/site\/wp-json\/wp\/v2\/product_cat?post=977"},{"taxonomy":"product_tag","embeddable":true,"href":"https:\/\/soluciondigitaldelbajio.com.mx\/site\/wp-json\/wp\/v2\/product_tag?post=977"}],"curies":[{"name":"wp","href":"https:\/\/api.w.org\/{rel}","templated":true}]}}