{"id":979,"date":"2019-09-05T17:29:31","date_gmt":"2019-09-05T17:29:31","guid":{"rendered":"https:\/\/soluciondigitaldelbajio.com.mx\/site\/?post_type=product&#038;p=979"},"modified":"2019-09-05T17:30:59","modified_gmt":"2019-09-05T17:30:59","slug":"serie-oce-arizona-6100","status":"publish","type":"product","link":"https:\/\/soluciondigitaldelbajio.com.mx\/site\/product\/serie-oce-arizona-6100\/","title":{"rendered":"Serie Oc\u00e9 Arizona 6100"},"content":{"rendered":"<ul>\n<li>Seis canales independientes de tinta que proporcionan una impresi\u00f3n semejante al mundo real que excede los 1000 pies2\/hr.<\/li>\n<li>En la impresora Arizona 6160 XTS de Oc\u00e9 se incluyen dos canales adicionales de tinta que contienen los colores cian claro y magenta claro para una calidad de impresi\u00f3n hermosa y uniforme en altas velocidades.<\/li>\n<li>Clavijas de registro neum\u00e1tico de zona doble para una colocaci\u00f3n r\u00e1pida y precisa del tablero.<\/li>\n<li>Sistema de mantenimiento autom\u00e1tico del cabezal de impresi\u00f3n para un mantenimiento r\u00e1pido y sin uso de las manos.<\/li>\n<li>Compensaci\u00f3n activa de colocaci\u00f3n de p\u00edxeles para una nitidez, densidad y uniformidad garantizadas de la imagen a lo ancho de toda la superficie plana.<\/li>\n<li>M\u00faltiples zonas al vac\u00edo, seleccionables por el usuario, dise\u00f1adas para adaptarse a la mayor\u00eda de los materiales de artes gr\u00e1ficas de tama\u00f1o est\u00e1ndar sin enmascaramiento.<\/li>\n<li>Modo de tandas para automatizar los trabajos de muchas capas o para facilitar la compaginaci\u00f3n de juegos.<\/li>\n<\/ul>\n","protected":false},"excerpt":{"rendered":"<p>La serie <strong>Arizona 6100 de Oc\u00e9<\/strong> consta de dos modelos: el <strong>6160 XTS y el 6170 XTS<\/strong>:<\/p>\n<p><strong>Im\u00e1genes de calidad excepcional en materiales r\u00edgidos o flexibles<\/strong><br \/>\nLas impresoras de la serie <strong>Arizona 6100 de Oc\u00e9<\/strong> sencillamente marcan la diferencia: son impresoras planas de tinta UV curable que imprimen im\u00e1genes de calidad excepcional y que lleva la producci\u00f3n de gr\u00e1ficos a otro nivel. \u00daselas para a\u00f1adir nuevos servicios al imprimir im\u00e1genes de calidad fotogr\u00e1fica en pr\u00e1cticamente cualquier material imaginable. Realizar\u00e1 trabajos que nunca antes fueron posibles con sistemas de impresi\u00f3n de menor calidad. Las impresoras de la serie Arizona de Oc\u00e9 le ofrecen un sinf\u00edn de oportunidades para incrementar los ingresos de su exhibici\u00f3n de gr\u00e1ficos.<\/p>\n<p>&nbsp;<\/p>\n<p>&nbsp;<\/p>\n","protected":false},"featured_media":981,"comment_status":"open","ping_status":"closed","template":"","meta":[],"product_cat":[51,17],"product_tag":[],"class_list":{"0":"post-979","1":"product","2":"type-product","3":"status-publish","4":"has-post-thumbnail","6":"product_cat-cama-plana","7":"product_cat-copiadoras-impresoras-plotters-gran-formato-san-luis-potosi","9":"first","10":"instock","11":"shipping-taxable","12":"product-type-simple"},"aioseo_notices":[],"_links":{"self":[{"href":"https:\/\/soluciondigitaldelbajio.com.mx\/site\/wp-json\/wp\/v2\/product\/979","targetHints":{"allow":["GET"]}}],"collection":[{"href":"https:\/\/soluciondigitaldelbajio.com.mx\/site\/wp-json\/wp\/v2\/product"}],"about":[{"href":"https:\/\/soluciondigitaldelbajio.com.mx\/site\/wp-json\/wp\/v2\/types\/product"}],"replies":[{"embeddable":true,"href":"https:\/\/soluciondigitaldelbajio.com.mx\/site\/wp-json\/wp\/v2\/comments?post=979"}],"wp:featuredmedia":[{"embeddable":true,"href":"https:\/\/soluciondigitaldelbajio.com.mx\/site\/wp-json\/wp\/v2\/media\/981"}],"wp:attachment":[{"href":"https:\/\/soluciondigitaldelbajio.com.mx\/site\/wp-json\/wp\/v2\/media?parent=979"}],"wp:term":[{"taxonomy":"product_cat","embeddable":true,"href":"https:\/\/soluciondigitaldelbajio.com.mx\/site\/wp-json\/wp\/v2\/product_cat?post=979"},{"taxonomy":"product_tag","embeddable":true,"href":"https:\/\/soluciondigitaldelbajio.com.mx\/site\/wp-json\/wp\/v2\/product_tag?post=979"}],"curies":[{"name":"wp","href":"https:\/\/api.w.org\/{rel}","templated":true}]}}