{"id":982,"date":"2019-09-05T17:40:28","date_gmt":"2019-09-05T17:40:28","guid":{"rendered":"https:\/\/soluciondigitaldelbajio.com.mx\/site\/?post_type=product&#038;p=982"},"modified":"2019-09-05T17:40:28","modified_gmt":"2019-09-05T17:40:28","slug":"oce-colorado-1640","status":"publish","type":"product","link":"https:\/\/soluciondigitaldelbajio.com.mx\/site\/product\/oce-colorado-1640\/","title":{"rendered":"Oc\u00e9 Colorado 1640"},"content":{"rendered":"<ul>\n<li><strong>Inyecci\u00f3n de tinta piezoel\u00e9ctrica de UVgel de Canon<\/strong><\/li>\n<li><strong>Modos de impresi\u00f3n<\/strong><br \/>\n159 m\u00b2\/h: velocidad m\u00e1x.<br \/>\n114 m\u00b2\/h: modo alta velocidad<br \/>\n57 m\u00b2\/h: producci\u00f3n<br \/>\n40 m\u00b2\/h: alta calidad<br \/>\n20 m\u00b2\/h: soportes especiales<br \/>\n20 m\u00b2\/h: soportes retroiluminables<\/li>\n<li><strong>Resoluci\u00f3n de impresi\u00f3n<\/strong><br \/>\nhasta 1800 ppp<\/li>\n<li><strong>Tipos de tinta<\/strong><br \/>\nTinta UVgel 355 de Canon<\/li>\n<li><strong>Embalaje para la tinta<\/strong><br \/>\n2 x botellas de tinta de 1 litro<br \/>\nEl dep\u00f3sito de tinta puede contener hasta 2,5 litros de cada color<br \/>\nRecarga durante la impresi\u00f3n<\/li>\n<li><strong>Cabezales de impresi\u00f3<\/strong>n<br \/>\nCabezal de impresi\u00f3n para UVgel 415 de Canon<br \/>\nCabezal de impresi\u00f3n piezoel\u00e9ctrico de gota bajo demanda de alta frecuencia (2\/color)<br \/>\nOc\u00e9 PAINT (Piezo Acoustic Integrated Nozzle Technology) monitoriza y compensa continuamente cualquier fallo de inyector que pueda producirse durante la impresi\u00f3n<\/li>\n<li><strong>Mantenimiento autom\u00e1tico<\/strong><br \/>\nElimina las tareas de mantenimiento manual diarias para ahorrarle tiempo al operador<\/li>\n<li><strong>Curing<\/strong><br \/>\nLED UV<\/li>\n<\/ul>\n","protected":false},"excerpt":{"rendered":"<p><strong>Una impresora de bobina revolucionaria con la exclusiva tecnolog\u00eda UVgel<\/strong><\/p>\n<p>Optimice la productividad, la calidad, la versatilidad de las aplicaciones y los costes de funcionamiento con una innovadora impresora de 64 pulgadas, que cuenta con la tecnolog\u00eda UVgel avanzada de Canon y capacidades de automatizaci\u00f3n de \u00faltima generaci\u00f3n. Perfecta para carteler\u00eda y aplicaciones de artes gr\u00e1ficas.<\/p>\n<p><strong>Oc\u00e9 Colorado 1640\u00a0<\/strong>ofrece una calidad excepcional con una productividad revolucionaria<\/p>\n","protected":false},"featured_media":983,"comment_status":"open","ping_status":"closed","template":"","meta":[],"product_cat":[17,45],"product_tag":[],"class_list":{"0":"post-982","1":"product","2":"type-product","3":"status-publish","4":"has-post-thumbnail","6":"product_cat-copiadoras-impresoras-plotters-gran-formato-san-luis-potosi","7":"product_cat-gran-formato","9":"first","10":"instock","11":"shipping-taxable","12":"product-type-simple"},"aioseo_notices":[],"_links":{"self":[{"href":"https:\/\/soluciondigitaldelbajio.com.mx\/site\/wp-json\/wp\/v2\/product\/982","targetHints":{"allow":["GET"]}}],"collection":[{"href":"https:\/\/soluciondigitaldelbajio.com.mx\/site\/wp-json\/wp\/v2\/product"}],"about":[{"href":"https:\/\/soluciondigitaldelbajio.com.mx\/site\/wp-json\/wp\/v2\/types\/product"}],"replies":[{"embeddable":true,"href":"https:\/\/soluciondigitaldelbajio.com.mx\/site\/wp-json\/wp\/v2\/comments?post=982"}],"wp:featuredmedia":[{"embeddable":true,"href":"https:\/\/soluciondigitaldelbajio.com.mx\/site\/wp-json\/wp\/v2\/media\/983"}],"wp:attachment":[{"href":"https:\/\/soluciondigitaldelbajio.com.mx\/site\/wp-json\/wp\/v2\/media?parent=982"}],"wp:term":[{"taxonomy":"product_cat","embeddable":true,"href":"https:\/\/soluciondigitaldelbajio.com.mx\/site\/wp-json\/wp\/v2\/product_cat?post=982"},{"taxonomy":"product_tag","embeddable":true,"href":"https:\/\/soluciondigitaldelbajio.com.mx\/site\/wp-json\/wp\/v2\/product_tag?post=982"}],"curies":[{"name":"wp","href":"https:\/\/api.w.org\/{rel}","templated":true}]}}